{"id":13,"date":"2024-06-10T13:21:42","date_gmt":"2024-06-10T10:21:42","guid":{"rendered":"https:\/\/satbert.es\/index.php\/blog\/"},"modified":"2025-08-10T18:25:56","modified_gmt":"2025-08-10T15:25:56","slug":"blog","status":"publish","type":"page","link":"https:\/\/satbert.es\/index.php\/blog\/","title":{"rendered":"QUIENES SOMOS"},"content":{"rendered":"<h1 class=\"wp-block-post-title has-large-font-size\">QUIENES SOMOS<\/h1>\n\n\n<hr class=\"wp-block-separator has-alpha-channel-opacity\"\/>\n\n\n\n<p class=\"has-medium-font-size\">En Satbert <strong>servicio t\u00e9cnico<\/strong>, somos una empresa dedicada a la reparaci\u00f3n de electrodom\u00e9sticos, ubicada en la hermosa localidad de <strong>Estella, Navarra<\/strong>.  <strong>Servicio t\u00e9cnico<\/strong> con 25 a\u00f1os de experiencia en el sector, nuestro objetivo es ofrecer un servicio r\u00e1pido, confiable y de calidad para que tus <strong>electrodom\u00e9sticos<\/strong>, ya sean de marcas como <strong>BOSCH, SAMSUNG, LG, WHIRPOOL, SIEMENS,BALAY,NEFFT, FAGOR,INDESIT, EDESA,ZANUSSI,TEKA,OTSEIN,CORBERO,ASPES,BEKO,LYNX, BRU, FAR, GORENJI, SMEG, PARASONIC, INFINITION, MIDEA <\/strong>etc&#8230; vuelvan a funcionar como el primer d\u00eda.<\/p>\n\n\n\n<p class=\"has-medium-font-size\">Especializados en <strong>reparaci\u00f3n <\/strong>de <strong>neveras, frigor\u00edficos, lavadoras, secadoras, hornos, microondas, vitrocer\u00e1micas, campanas extractoras, lavavajillas y otros electrodom\u00e9sticos de uso dom\u00e9stico<\/strong>, contamos con un equipo de t\u00e9cnico y las mejores herramientas para garantizar reparaciones duraderas y satisfactorias siempre que es posible utilizando piezas originales de las marcas.<\/p>\n\n\n\n<p class=\"has-medium-font-size\">Nos apasiona ayudar a nuestros clientes a solucionar sus problemas de electrodom\u00e9sticos, ofreciendo servicios de mantenimiento preventivo, diagn\u00f3stico de fallos, sustituci\u00f3n de piezas, reparaci\u00f3n de electrodom\u00e9sticos de alta eficiencia energ\u00e9tica y atenci\u00f3n personalizada.<\/p>\n\n\n\n<p class=\"has-medium-font-size\">En Satbert <strong>servicio t\u00e9cnico<\/strong>, tu comodidad, confianza y satisfacci\u00f3n son nuestra prioridad. \u00a1Estamos aqu\u00ed para ayudarte a mantener tu hogar en marcha y tus electrodom\u00e9sticos en perfecto estado!<\/p>\n\n\n\n<p class=\"has-medium-font-size\">Puedes consultar qualquier duda sin compriso a nuestro tel\u00e9fono o email.<\/p>\n\n\n\n<p class=\"has-medium-font-size\"><\/p>\n","protected":false},"excerpt":{"rendered":"<p>En Satbert servicio t\u00e9cnico, somos una empresa dedicada a la reparaci\u00f3n de electrodom\u00e9sticos, ubicada en la hermosa localidad de Estella, Navarra. Servicio t\u00e9cnico con 25 a\u00f1os de experiencia en el sector, nuestro objetivo es ofrecer un servicio r\u00e1pido, confiable y de calidad para que tus electrodom\u00e9sticos, ya sean de marcas como BOSCH, SAMSUNG, LG, WHIRPOOL, [&hellip;]<\/p>\n","protected":false},"author":1,"featured_media":0,"parent":0,"menu_order":0,"comment_status":"closed","ping_status":"closed","template":"","meta":{"footnotes":""},"class_list":["post-13","page","type-page","status-publish","hentry"],"_links":{"self":[{"href":"https:\/\/satbert.es\/index.php\/wp-json\/wp\/v2\/pages\/13","targetHints":{"allow":["GET"]}}],"collection":[{"href":"https:\/\/satbert.es\/index.php\/wp-json\/wp\/v2\/pages"}],"about":[{"href":"https:\/\/satbert.es\/index.php\/wp-json\/wp\/v2\/types\/page"}],"author":[{"embeddable":true,"href":"https:\/\/satbert.es\/index.php\/wp-json\/wp\/v2\/users\/1"}],"replies":[{"embeddable":true,"href":"https:\/\/satbert.es\/index.php\/wp-json\/wp\/v2\/comments?post=13"}],"version-history":[{"count":10,"href":"https:\/\/satbert.es\/index.php\/wp-json\/wp\/v2\/pages\/13\/revisions"}],"predecessor-version":[{"id":141,"href":"https:\/\/satbert.es\/index.php\/wp-json\/wp\/v2\/pages\/13\/revisions\/141"}],"wp:attachment":[{"href":"https:\/\/satbert.es\/index.php\/wp-json\/wp\/v2\/media?parent=13"}],"curies":[{"name":"wp","href":"https:\/\/api.w.org\/{rel}","templated":true}]}}